{"id":43,"date":"2023-01-18T16:12:49","date_gmt":"2023-01-18T15:12:49","guid":{"rendered":"https:\/\/borbalaszuromi.com\/?page_id=43"},"modified":"2025-09-13T15:02:41","modified_gmt":"2025-09-13T13:02:41","slug":"biographie","status":"publish","type":"page","link":"https:\/\/borbalaszuromi.com\/fr\/biographie\/","title":{"rendered":"Borb\u00e1la Szuromi"},"content":{"rendered":"<figure class=\"wp-block-embed is-type-video is-provider-vimeo wp-block-embed-vimeo wp-embed-aspect-16-9 wp-has-aspect-ratio\"><div class=\"wp-block-embed__wrapper\">\n<iframe loading=\"lazy\" title=\"Borb\u00e1la Szuromi \/ soprano - Bourse culturelle Leenaards 2023\" src=\"https:\/\/player.vimeo.com\/video\/856216560?dnt=1&amp;app_id=122963\" width=\"500\" height=\"281\" frameborder=\"0\" allow=\"autoplay; fullscreen; picture-in-picture; clipboard-write; encrypted-media; web-share\" referrerpolicy=\"strict-origin-when-cross-origin\"><\/iframe>\n<\/div><\/figure>\n\n\n\n<div style=\"height:5px\" aria-hidden=\"true\" class=\"wp-block-spacer\"><\/div>\n\n\n\n<p>Issue d\u2019une famille de musiciens d'op\u00e9ra, Borb\u00e1la Szuromi (*1992), a commenc\u00e9 ses \u00e9tudes de musique \u00e0 Budapest, avant d\u2019obtenir un double MA violon et chant \u00e0 la HEM Haute \u00e9cole de musique de Gen\u00e8ve-Neuch\u00e2tel.<\/p>\n\n\n\n<p>Passionn\u00e9e de la musique contemporaine, elle a re\u00e7u le Prix Pal\u00e9o, le Prix Contrechamps,<strong> <\/strong>la Bourse Culturelle de la Fondation Leenaards et le 2me Prix du Concours Nicati 2025. <\/p>\n\n\n\n<p>Elle travaille avec des compositeur\u00b7trice\u00b7s tels que Stefano Gervasoni, Xavier Dayer, Jacques Demierre, Matteo Gualandi, Leonardo Marino, Andr\u00e1s Emszt, Julie Semoroz, Ezko Kikoutchi, et se produit avec le NEC, l\u2019Ensemble Contrechamps, au Festival Archipel. Au GTG, elle a chant\u00e9 en soliste dans <em>Einstein on the Beach<\/em> de Philip Glass, et incarn\u00e9 le r\u00f4le de Veronika pour OperaLab I.<\/p>\n\n\n\n<p>Borb\u00e1la travaille avec de nombreux chefs d\u2019orchestre renomm\u00e9s comme Clement Power, Arie Van Beek, G\u00e1bor Tak\u00e1cs-Nagy, Tomas Hanus.<\/p>\n\n\n\n<p>Elle aborde un r\u00e9pertoire vari\u00e9 de musique mixte, en explorant la pratique vocale et l\u2019\u00e9lectronique. Son r\u00e9cital <em>Aurora <\/em><i>Vocalis<\/i>, un voyage sonore polyphonique et spatializ\u00e9, cr\u00e9\u00e9 avec David Poissonnier, a \u00e9t\u00e9 invit\u00e9 au Hellensmusic Festival (UK), \u00e0 ISON Budapest (HU), au festival Les Culturelles \u00e0 l'EPFL et \u00e0 la Biennale in Situ \u00e0 Lausanne.<\/p>\n\n\n\n<p><\/p>\n\n\n\n<p><\/p>\n\n\n\n<p><\/p>","protected":false},"excerpt":{"rendered":"<p>Born into a family of opera musicians, Borb\u00e1la Szuromi (*1992) began her music education in Budapest, before obtaining a double Master&#8217;s degree in violin and voice at HEM Haute \u00e9cole de musique de Gen\u00e8ve &#8211; Neuch\u00e2tel Passionate about contemporary music, she was awarded the Prix Pal\u00e9o Festival Nyon, the Prix Contrechamps, the Leenaards Cultural Grant [&hellip;]<\/p>\n","protected":false},"author":1,"featured_media":0,"parent":0,"menu_order":0,"comment_status":"closed","ping_status":"closed","template":"wp-custom-template-page-alternative","meta":{"pgc_sgb_lightbox_settings":"","footnotes":""},"class_list":["post-43","page","type-page","status-publish","hentry"],"yoast_head":"<!-- This site is optimized with the Yoast SEO plugin v24.5 - https:\/\/yoast.com\/wordpress\/plugins\/seo\/ -->\n<title>Borb\u00e1la Szuromi - Borb\u00e1la Szuromi<\/title>\n<meta name=\"robots\" content=\"index, follow, max-snippet:-1, max-image-preview:large, max-video-preview:-1\" \/>\n<link rel=\"canonical\" href=\"https:\/\/borbalaszuromi.com\/fr\/biographie\/\" \/>\n<meta property=\"og:locale\" content=\"fr_FR\" \/>\n<meta property=\"og:type\" content=\"article\" \/>\n<meta property=\"og:title\" content=\"Borb\u00e1la Szuromi - Borb\u00e1la Szuromi\" \/>\n<meta property=\"og:description\" content=\"Born into a family of opera musicians, Borb\u00e1la Szuromi (*1992) began her music education in Budapest, before obtaining a double Master&#8217;s degree in violin and voice at HEM Haute \u00e9cole de musique de Gen\u00e8ve &#8211; Neuch\u00e2tel Passionate about contemporary music, she was awarded the Prix Pal\u00e9o Festival Nyon, the Prix Contrechamps, the Leenaards Cultural Grant [&hellip;]\" \/>\n<meta property=\"og:url\" content=\"https:\/\/borbalaszuromi.com\/fr\/biographie\/\" \/>\n<meta property=\"og:site_name\" content=\"Borb\u00e1la Szuromi\" \/>\n<meta property=\"article:modified_time\" content=\"2025-09-13T13:02:41+00:00\" \/>\n<meta name=\"twitter:card\" content=\"summary_large_image\" \/>\n<meta name=\"twitter:label1\" content=\"Dur\u00e9e de lecture estim\u00e9e\" \/>\n\t<meta name=\"twitter:data1\" content=\"1 minute\" \/>\n<script type=\"application\/ld+json\" class=\"yoast-schema-graph\">{\"@context\":\"https:\/\/schema.org\",\"@graph\":[{\"@type\":\"WebPage\",\"@id\":\"https:\/\/borbalaszuromi.com\/biographie\/\",\"url\":\"https:\/\/borbalaszuromi.com\/biographie\/\",\"name\":\"Borb\u00e1la Szuromi - Borb\u00e1la Szuromi\",\"isPartOf\":{\"@id\":\"https:\/\/borbalaszuromi.com\/#website\"},\"datePublished\":\"2023-01-18T15:12:49+00:00\",\"dateModified\":\"2025-09-13T13:02:41+00:00\",\"breadcrumb\":{\"@id\":\"https:\/\/borbalaszuromi.com\/biographie\/#breadcrumb\"},\"inLanguage\":\"fr-FR\",\"potentialAction\":[{\"@type\":\"ReadAction\",\"target\":[\"https:\/\/borbalaszuromi.com\/biographie\/\"]}]},{\"@type\":\"BreadcrumbList\",\"@id\":\"https:\/\/borbalaszuromi.com\/biographie\/#breadcrumb\",\"itemListElement\":[{\"@type\":\"ListItem\",\"position\":1,\"name\":\"Home\",\"item\":\"https:\/\/borbalaszuromi.com\/\"},{\"@type\":\"ListItem\",\"position\":2,\"name\":\"Borb\u00e1la Szuromi\"}]},{\"@type\":\"WebSite\",\"@id\":\"https:\/\/borbalaszuromi.com\/#website\",\"url\":\"https:\/\/borbalaszuromi.com\/\",\"name\":\"Borb\u00e1la Szuromi\",\"description\":\"\",\"publisher\":{\"@id\":\"https:\/\/borbalaszuromi.com\/#\/schema\/person\/a1593dd0dc58cc87e9b702b523b68bed\"},\"potentialAction\":[{\"@type\":\"SearchAction\",\"target\":{\"@type\":\"EntryPoint\",\"urlTemplate\":\"https:\/\/borbalaszuromi.com\/?s={search_term_string}\"},\"query-input\":{\"@type\":\"PropertyValueSpecification\",\"valueRequired\":true,\"valueName\":\"search_term_string\"}}],\"inLanguage\":\"fr-FR\"},{\"@type\":[\"Person\",\"Organization\"],\"@id\":\"https:\/\/borbalaszuromi.com\/#\/schema\/person\/a1593dd0dc58cc87e9b702b523b68bed\",\"name\":\"Borbala Szuromi\",\"image\":{\"@type\":\"ImageObject\",\"inLanguage\":\"fr-FR\",\"@id\":\"https:\/\/borbalaszuromi.com\/#\/schema\/person\/image\/\",\"url\":\"https:\/\/secure.gravatar.com\/avatar\/c9d8e55d195a6ffa1c3b9ad00a732c1697c9c4ea6e00aac9400f20d6515c9176?s=96&d=mm&r=g\",\"contentUrl\":\"https:\/\/secure.gravatar.com\/avatar\/c9d8e55d195a6ffa1c3b9ad00a732c1697c9c4ea6e00aac9400f20d6515c9176?s=96&d=mm&r=g\",\"caption\":\"Borbala Szuromi\"},\"logo\":{\"@id\":\"https:\/\/borbalaszuromi.com\/#\/schema\/person\/image\/\"},\"sameAs\":[\"https:\/\/www.instagram.com\/borbalacapella\"]}]}<\/script>\n<!-- \/ Yoast SEO plugin. -->","yoast_head_json":{"title":"Borb\u00e1la Szuromi - Borb\u00e1la Szuromi","robots":{"index":"index","follow":"follow","max-snippet":"max-snippet:-1","max-image-preview":"max-image-preview:large","max-video-preview":"max-video-preview:-1"},"canonical":"https:\/\/borbalaszuromi.com\/fr\/biographie\/","og_locale":"fr_FR","og_type":"article","og_title":"Borb\u00e1la Szuromi - Borb\u00e1la Szuromi","og_description":"Born into a family of opera musicians, Borb\u00e1la Szuromi (*1992) began her music education in Budapest, before obtaining a double Master&#8217;s degree in violin and voice at HEM Haute \u00e9cole de musique de Gen\u00e8ve &#8211; Neuch\u00e2tel Passionate about contemporary music, she was awarded the Prix Pal\u00e9o Festival Nyon, the Prix Contrechamps, the Leenaards Cultural Grant [&hellip;]","og_url":"https:\/\/borbalaszuromi.com\/fr\/biographie\/","og_site_name":"Borb\u00e1la Szuromi","article_modified_time":"2025-09-13T13:02:41+00:00","twitter_card":"summary_large_image","twitter_misc":{"Dur\u00e9e de lecture estim\u00e9e":"1 minute"},"schema":{"@context":"https:\/\/schema.org","@graph":[{"@type":"WebPage","@id":"https:\/\/borbalaszuromi.com\/biographie\/","url":"https:\/\/borbalaszuromi.com\/biographie\/","name":"Borb\u00e1la Szuromi - Borb\u00e1la Szuromi","isPartOf":{"@id":"https:\/\/borbalaszuromi.com\/#website"},"datePublished":"2023-01-18T15:12:49+00:00","dateModified":"2025-09-13T13:02:41+00:00","breadcrumb":{"@id":"https:\/\/borbalaszuromi.com\/biographie\/#breadcrumb"},"inLanguage":"fr-FR","potentialAction":[{"@type":"ReadAction","target":["https:\/\/borbalaszuromi.com\/biographie\/"]}]},{"@type":"BreadcrumbList","@id":"https:\/\/borbalaszuromi.com\/biographie\/#breadcrumb","itemListElement":[{"@type":"ListItem","position":1,"name":"Home","item":"https:\/\/borbalaszuromi.com\/"},{"@type":"ListItem","position":2,"name":"Borb\u00e1la Szuromi"}]},{"@type":"WebSite","@id":"https:\/\/borbalaszuromi.com\/#website","url":"https:\/\/borbalaszuromi.com\/","name":"Borb\u00e1la Szuromi","description":"","publisher":{"@id":"https:\/\/borbalaszuromi.com\/#\/schema\/person\/a1593dd0dc58cc87e9b702b523b68bed"},"potentialAction":[{"@type":"SearchAction","target":{"@type":"EntryPoint","urlTemplate":"https:\/\/borbalaszuromi.com\/?s={search_term_string}"},"query-input":{"@type":"PropertyValueSpecification","valueRequired":true,"valueName":"search_term_string"}}],"inLanguage":"fr-FR"},{"@type":["Person","Organization"],"@id":"https:\/\/borbalaszuromi.com\/#\/schema\/person\/a1593dd0dc58cc87e9b702b523b68bed","name":"Borbala Szuromi","image":{"@type":"ImageObject","inLanguage":"fr-FR","@id":"https:\/\/borbalaszuromi.com\/#\/schema\/person\/image\/","url":"https:\/\/secure.gravatar.com\/avatar\/c9d8e55d195a6ffa1c3b9ad00a732c1697c9c4ea6e00aac9400f20d6515c9176?s=96&d=mm&r=g","contentUrl":"https:\/\/secure.gravatar.com\/avatar\/c9d8e55d195a6ffa1c3b9ad00a732c1697c9c4ea6e00aac9400f20d6515c9176?s=96&d=mm&r=g","caption":"Borbala Szuromi"},"logo":{"@id":"https:\/\/borbalaszuromi.com\/#\/schema\/person\/image\/"},"sameAs":["https:\/\/www.instagram.com\/borbalacapella"]}]}},"jetpack_sharing_enabled":true,"_links":{"self":[{"href":"https:\/\/borbalaszuromi.com\/fr\/wp-json\/wp\/v2\/pages\/43","targetHints":{"allow":["GET"]}}],"collection":[{"href":"https:\/\/borbalaszuromi.com\/fr\/wp-json\/wp\/v2\/pages"}],"about":[{"href":"https:\/\/borbalaszuromi.com\/fr\/wp-json\/wp\/v2\/types\/page"}],"author":[{"embeddable":true,"href":"https:\/\/borbalaszuromi.com\/fr\/wp-json\/wp\/v2\/users\/1"}],"replies":[{"embeddable":true,"href":"https:\/\/borbalaszuromi.com\/fr\/wp-json\/wp\/v2\/comments?post=43"}],"version-history":[{"count":31,"href":"https:\/\/borbalaszuromi.com\/fr\/wp-json\/wp\/v2\/pages\/43\/revisions"}],"predecessor-version":[{"id":602,"href":"https:\/\/borbalaszuromi.com\/fr\/wp-json\/wp\/v2\/pages\/43\/revisions\/602"}],"wp:attachment":[{"href":"https:\/\/borbalaszuromi.com\/fr\/wp-json\/wp\/v2\/media?parent=43"}],"curies":[{"name":"wp","href":"https:\/\/api.w.org\/{rel}","templated":true}]}}